{"id":2142,"date":"2025-08-20T15:57:54","date_gmt":"2025-08-20T13:57:54","guid":{"rendered":"https:\/\/www.sima-handel.de\/plan-du-site\/"},"modified":"2026-01-27T10:55:25","modified_gmt":"2026-01-27T09:55:25","slug":"plan-du-site","status":"publish","type":"page","link":"https:\/\/www.sima-handel.com\/fr\/plan-du-site\/","title":{"rendered":"Plan du site"},"content":{"rendered":"\t\t<div data-elementor-type=\"wp-page\" data-elementor-id=\"2142\" class=\"elementor elementor-2142 elementor-324\" data-elementor-post-type=\"page\">\n\t\t\t\t<div class=\"elementor-element elementor-element-b260044 pad-tb-m e-flex e-con-boxed e-con e-parent\" data-id=\"b260044\" data-element_type=\"container\" id=\"content\" data-settings=\"{&quot;jet_parallax_layout_list&quot;:[]}\">\n\t\t\t\t\t<div class=\"e-con-inner\">\n\t\t\t\t<div class=\"elementor-element elementor-element-0fabb02 elementor-widget elementor-widget-heading\" data-id=\"0fabb02\" data-element_type=\"widget\" data-widget_type=\"heading.default\">\n\t\t\t\t<div class=\"elementor-widget-container\">\n\t\t\t\t\t<h1 class=\"elementor-heading-title elementor-size-default\">Plan du site<\/h1>\t\t\t\t<\/div>\n\t\t\t\t<\/div>\n\t\t\t\t<div class=\"elementor-element elementor-element-7ce51d5 elementor-widget elementor-widget-sitemap\" data-id=\"7ce51d5\" data-element_type=\"widget\" data-widget_type=\"sitemap.default\">\n\t\t\t\t<div class=\"elementor-widget-container\">\n\t\t\t\t\t<div class=\"elementor-sitemap-wrap\"><div class=\"elementor-sitemap-section\"><h2 class=\"elementor-sitemap-title elementor-sitemap-page-title\">Pages<\/h2><ul class=\"elementor-sitemap-list elementor-sitemap-page-list\"><li class=\"elementor-sitemap-item elementor-sitemap-item-page page_item page-item-1931\"><a href=\"https:\/\/www.sima-handel.com\/fr\/\">Page d&rsquo;accueil<\/a><\/li><li class=\"elementor-sitemap-item elementor-sitemap-item-page page_item page-item-2094\"><a href=\"https:\/\/www.sima-handel.com\/fr\/impressum\/\">Mentions l\u00e9gales<\/a><\/li><li class=\"elementor-sitemap-item elementor-sitemap-item-page page_item page-item-2164\"><a href=\"https:\/\/www.sima-handel.com\/fr\/contact\/\">Contact<\/a><\/li><li class=\"elementor-sitemap-item elementor-sitemap-item-page page_item page-item-2126\"><a href=\"https:\/\/www.sima-handel.com\/fr\/a-propos-de-sima\/\">\u00c0 propos de Sima<\/a><\/li><li class=\"elementor-sitemap-item elementor-sitemap-item-page page_item page-item-2042\"><a href=\"https:\/\/www.sima-handel.com\/fr\/services\/\">Services<\/a><ul class='children'><li class=\"elementor-sitemap-item elementor-sitemap-item-page page_item page-item-2077\"><a href=\"https:\/\/www.sima-handel.com\/fr\/services\/confection-a-facon\/\">Confection \u00e0 fa\u00e7on<\/a><\/li><li class=\"elementor-sitemap-item elementor-sitemap-item-page page_item page-item-2028\"><a href=\"https:\/\/www.sima-handel.com\/fr\/services\/conditionnement-a-facon\/\">Conditionnement \u00e0 fa\u00e7on<\/a><\/li><\/ul><\/li><li class=\"elementor-sitemap-item elementor-sitemap-item-page page_item page-item-1997\"><a href=\"https:\/\/www.sima-handel.com\/fr\/produits\/\">Produits<\/a><ul class='children'><li class=\"elementor-sitemap-item elementor-sitemap-item-page page_item page-item-2004\"><a href=\"https:\/\/www.sima-handel.com\/fr\/produits\/couvrir\/\">Couvrir<\/a><\/li><li class=\"elementor-sitemap-item elementor-sitemap-item-page page_item page-item-1983\"><a href=\"https:\/\/www.sima-handel.com\/fr\/produits\/tireurs\/\">Tireurs<\/a><\/li><\/ul><\/li><li class=\"elementor-sitemap-item elementor-sitemap-item-page page_item page-item-2147\"><a href=\"https:\/\/www.sima-handel.com\/fr\/carriere\/\">Carri\u00e8re<\/a><\/li><li class=\"elementor-sitemap-item elementor-sitemap-item-page page_item page-item-2317\"><a href=\"https:\/\/www.sima-handel.com\/fr\/datenschutz\/\">Politique de confidentialit\u00e9<\/a><\/li><li class=\"elementor-sitemap-item elementor-sitemap-item-page page_item page-item-2190\"><a href=\"https:\/\/www.sima-handel.com\/fr\/conditions-generales\/\">Conditions g\u00e9n\u00e9rales<\/a><\/li><li class=\"elementor-sitemap-item elementor-sitemap-item-page page_item page-item-2132\"><a href=\"https:\/\/www.sima-handel.com\/fr\/declaration-relative-a-l-accessibilite\/\">D\u00e9claration relative \u00e0 l&rsquo;accessibilit\u00e9<\/a><\/li><li class=\"elementor-sitemap-item elementor-sitemap-item-page page_item page-item-2142\"><a href=\"https:\/\/www.sima-handel.com\/fr\/plan-du-site\/\">Plan du site<\/a><\/li><li class=\"elementor-sitemap-item elementor-sitemap-item-page page_item page-item-2677\"><a href=\"https:\/\/www.sima-handel.com\/fr\/signaler-une-barriere\/\">Signaler une barri\u00e8re<\/a><\/li><\/ul><\/div><div class=\"elementor-sitemap-section\"><h2 class=\"elementor-sitemap-title elementor-sitemap-produkt-title\">Produits<\/h2><ul class=\"elementor-sitemap-list elementor-sitemap-produkt-list\"><li class=\"elementor-sitemap-item elementor-sitemap-item-produkt page_item page-item-2406\"><a href=\"https:\/\/www.sima-handel.com\/fr\/produkt\/grille-intercalaire\/\">Grille intercalaire<\/a><\/li><li class=\"elementor-sitemap-item elementor-sitemap-item-produkt page_item page-item-2396\"><a href=\"https:\/\/www.sima-handel.com\/fr\/produkt\/oberflaechen-schutznetze\/\">Filets de protection de surface<\/a><\/li><li class=\"elementor-sitemap-item elementor-sitemap-item-produkt page_item page-item-2407\"><a href=\"https:\/\/www.sima-handel.com\/fr\/produkt\/sima-high-protection-folienseite-selbsthaftend\/\">Sima-High Protection, c\u00f4t\u00e9 film auto-adh\u00e9sif<\/a><\/li><li class=\"elementor-sitemap-item elementor-sitemap-item-produkt page_item page-item-2393\"><a href=\"https:\/\/www.sima-handel.com\/fr\/produkt\/sima-floor-tec-vliesseite-selbsthaftend\/\">SIMA-FLOOR-TEC face non-tiss\u00e9e auto-adh\u00e9sive<\/a><\/li><li class=\"elementor-sitemap-item elementor-sitemap-item-produkt page_item page-item-2383\"><a href=\"https:\/\/www.sima-handel.com\/fr\/produkt\/sima-floor-tec-leicht-atmungsaktiv\/\">SIMA-FLOOR-TEC l\u00e9g\u00e8rement respirant<\/a><\/li><li class=\"elementor-sitemap-item elementor-sitemap-item-produkt page_item page-item-2521\"><a href=\"https:\/\/www.sima-handel.com\/fr\/produkt\/sima-floor-tec-folienseite-klebend\/\">SIMA-FLOOR-TEC C\u00f4t\u00e9 film adh\u00e9sif<\/a><\/li><li class=\"elementor-sitemap-item elementor-sitemap-item-produkt page_item page-item-2527\"><a href=\"https:\/\/www.sima-handel.com\/fr\/produkt\/sima-floor-tec-atmungsaktiv\/\">SIMA-FLOOR-TEC Respirant<\/a><\/li><li class=\"elementor-sitemap-item elementor-sitemap-item-produkt page_item page-item-2394\"><a href=\"https:\/\/www.sima-handel.com\/fr\/produkt\/non-tisse-de-masquage-pour-peintres-300g-m%c2%b2\/\">Non-tiss\u00e9 de masquage pour peintres 300g\/m<\/a><\/li><li class=\"elementor-sitemap-item elementor-sitemap-item-produkt page_item page-item-2386\"><a href=\"https:\/\/www.sima-handel.com\/fr\/produkt\/non-tisse-de-masquage-pour-peintres-220g-m%c2%b2\/\">Non-tiss\u00e9 de masquage pour peintres 220g\/m<\/a><\/li><li class=\"elementor-sitemap-item elementor-sitemap-item-produkt page_item page-item-2285\"><a href=\"https:\/\/www.sima-handel.com\/fr\/produkt\/absorbi-pro\/\">ABSORBI PRO\u00ae<\/a><\/li><\/ul><\/div><\/div>\t\t\t\t<\/div>\n\t\t\t\t<\/div>\n\t\t\t\t\t<\/div>\n\t\t\t\t<\/div>\n\t\t\t\t<\/div>\n\t\t","protected":false},"excerpt":{"rendered":"","protected":false},"author":2,"featured_media":0,"parent":0,"menu_order":1011,"comment_status":"closed","ping_status":"closed","template":"","meta":{"footnotes":""},"class_list":["post-2142","page","type-page","status-publish","hentry"],"_links":{"self":[{"href":"https:\/\/www.sima-handel.com\/fr\/wp-json\/wp\/v2\/pages\/2142","targetHints":{"allow":["GET"]}}],"collection":[{"href":"https:\/\/www.sima-handel.com\/fr\/wp-json\/wp\/v2\/pages"}],"about":[{"href":"https:\/\/www.sima-handel.com\/fr\/wp-json\/wp\/v2\/types\/page"}],"author":[{"embeddable":true,"href":"https:\/\/www.sima-handel.com\/fr\/wp-json\/wp\/v2\/users\/2"}],"replies":[{"embeddable":true,"href":"https:\/\/www.sima-handel.com\/fr\/wp-json\/wp\/v2\/comments?post=2142"}],"version-history":[{"count":1,"href":"https:\/\/www.sima-handel.com\/fr\/wp-json\/wp\/v2\/pages\/2142\/revisions"}],"predecessor-version":[{"id":2143,"href":"https:\/\/www.sima-handel.com\/fr\/wp-json\/wp\/v2\/pages\/2142\/revisions\/2143"}],"wp:attachment":[{"href":"https:\/\/www.sima-handel.com\/fr\/wp-json\/wp\/v2\/media?parent=2142"}],"curies":[{"name":"wp","href":"https:\/\/api.w.org\/{rel}","templated":true}]}}