{"id":2028,"date":"2025-08-20T08:38:20","date_gmt":"2025-08-20T06:38:20","guid":{"rendered":"https:\/\/www.sima-handel.de\/conditionnement-a-facon\/"},"modified":"2026-01-07T14:33:16","modified_gmt":"2026-01-07T13:33:16","slug":"conditionnement-a-facon","status":"publish","type":"page","link":"https:\/\/www.sima-handel.com\/fr\/services\/conditionnement-a-facon\/","title":{"rendered":"Conditionnement \u00e0 fa\u00e7on"},"content":{"rendered":"\t\t<div data-elementor-type=\"wp-page\" data-elementor-id=\"2028\" class=\"elementor elementor-2028 elementor-143\" data-elementor-post-type=\"page\">\n\t\t\t\t<div class=\"elementor-element elementor-element-bb5de90 pad-tb-m e-flex e-con-boxed e-con e-parent\" data-id=\"bb5de90\" data-element_type=\"container\" id=\"content\" data-settings=\"{&quot;background_background&quot;:&quot;classic&quot;,&quot;jet_parallax_layout_list&quot;:[]}\">\n\t\t\t\t\t<div class=\"e-con-inner\">\n\t\t<div class=\"elementor-element elementor-element-651826b e-con-full e-flex e-con e-child\" data-id=\"651826b\" data-element_type=\"container\" data-settings=\"{&quot;jet_parallax_layout_list&quot;:[]}\">\n\t\t\t\t<div class=\"elementor-element elementor-element-3061737 elementor-widget__width-initial elementor-widget elementor-widget-heading\" data-id=\"3061737\" data-element_type=\"widget\" data-widget_type=\"heading.default\">\n\t\t\t\t<div class=\"elementor-widget-container\">\n\t\t\t\t\t<h1 class=\"elementor-heading-title elementor-size-default\">Conditionnement \u00e0 fa\u00e7on<\/h1>\t\t\t\t<\/div>\n\t\t\t\t<\/div>\n\t\t\t\t<\/div>\n\t\t<div class=\"elementor-element elementor-element-ca59e2b e-con-full e-flex e-con e-child\" data-id=\"ca59e2b\" data-element_type=\"container\" data-settings=\"{&quot;jet_parallax_layout_list&quot;:[]}\">\n\t\t\t\t<div class=\"elementor-element elementor-element-8098166 elementor-widget__width-inherit elementor-widget elementor-widget-text-editor\" data-id=\"8098166\" data-element_type=\"widget\" data-widget_type=\"text-editor.default\">\n\t\t\t\t<div class=\"elementor-widget-container\">\n\t\t\t\t\t\t\t\t\t<p>Avec notre service de conditionnement \u00e0 fa\u00e7on, nous vous proposons des solutions flexibles et de qualit\u00e9 pour l&#8217;emballage de vos produits. Nous d\u00e9veloppons des solutions d&#8217;emballage sur mesure, parfaitement adapt\u00e9es \u00e0 vos besoins et r\u00e9pondant aux normes de qualit\u00e9 les plus strictes. <\/p>\t\t\t\t\t\t\t\t<\/div>\n\t\t\t\t<\/div>\n\t\t\t\t<div class=\"elementor-element elementor-element-5a3ab12 elementor-widget elementor-widget-button\" data-id=\"5a3ab12\" data-element_type=\"widget\" data-widget_type=\"button.default\">\n\t\t\t\t<div class=\"elementor-widget-container\">\n\t\t\t\t\t\t\t\t\t<div class=\"elementor-button-wrapper\">\n\t\t\t\t\t<a class=\"elementor-button elementor-button-link elementor-size-sm\" href=\"https:\/\/www.sima-handel.com\/fr\/contact\/#formular\" title=\"Ouvre un lien interne vers le contenu de la page Formulaire de contact sur la page Contact\">\n\t\t\t\t\t\t<span class=\"elementor-button-content-wrapper\">\n\t\t\t\t\t\t\t\t\t<span class=\"elementor-button-text\">Demande de prestation<\/span>\n\t\t\t\t\t<\/span>\n\t\t\t\t\t<\/a>\n\t\t\t\t<\/div>\n\t\t\t\t\t\t\t\t<\/div>\n\t\t\t\t<\/div>\n\t\t\t\t<\/div>\n\t\t\t\t\t<\/div>\n\t\t\t\t<\/div>\n\t\t<div class=\"elementor-element elementor-element-1e7dfae e-con-full e-flex e-con e-parent\" data-id=\"1e7dfae\" data-element_type=\"container\" data-settings=\"{&quot;background_background&quot;:&quot;classic&quot;,&quot;jet_parallax_layout_list&quot;:[]}\">\n\t\t\t\t<\/div>\n\t\t<div class=\"elementor-element elementor-element-d515ac4 pad-tb-m e-flex e-con-boxed e-con e-parent\" data-id=\"d515ac4\" data-element_type=\"container\" data-settings=\"{&quot;background_background&quot;:&quot;classic&quot;,&quot;jet_parallax_layout_list&quot;:[]}\">\n\t\t\t\t\t<div class=\"e-con-inner\">\n\t\t\t\t<div class=\"elementor-element elementor-element-f32b52e elementor-widget elementor-widget-heading\" data-id=\"f32b52e\" data-element_type=\"widget\" data-widget_type=\"heading.default\">\n\t\t\t\t<div class=\"elementor-widget-container\">\n\t\t\t\t\t<h2 class=\"elementor-heading-title elementor-size-default\">Qu'est-ce qui nous distingue ?<\/h2>\t\t\t\t<\/div>\n\t\t\t\t<\/div>\n\t\t<div class=\"elementor-element elementor-element-3dc65cd pad-t-s pad-b-m e-con-full e-flex e-con e-child\" data-id=\"3dc65cd\" data-element_type=\"container\" data-settings=\"{&quot;jet_parallax_layout_list&quot;:[]}\">\n\t\t<div class=\"elementor-element elementor-element-ddadef0 e-con-full e-flex e-con e-child\" data-id=\"ddadef0\" data-element_type=\"container\" data-settings=\"{&quot;jet_parallax_layout_list&quot;:[]}\">\n\t\t\t\t<div class=\"elementor-element elementor-element-2b1297a elementor-widget__width-inherit elementor-widget-tablet__width-initial elementor-widget-mobile__width-inherit elementor-widget elementor-widget-text-editor\" data-id=\"2b1297a\" data-element_type=\"widget\" data-widget_type=\"text-editor.default\">\n\t\t\t\t<div class=\"elementor-widget-container\">\n\t\t\t\t\t\t\t\t\t<ul><li><strong>Grande flexibilit\u00e9 :<\/strong> nous nous adaptons \u00e0 vos besoins sp\u00e9cifiques et proposons des solutions personnalis\u00e9es qui s&rsquo;int\u00e8grent parfaitement \u00e0 vos processus de production.<\/li><li><strong>Qualit\u00e9 :<\/strong> nous nous concentrons sur l&rsquo;ex\u00e9cution pr\u00e9cise et de haute qualit\u00e9 de chaque solution d&#8217;emballage.<\/li><li><strong>Rentabilit\u00e9 :<\/strong> gr\u00e2ce \u00e0 nos processus efficaces et \u00e0 notre technologie de pointe, nous vous proposons une solution rentable tout en garantissant une qualit\u00e9 optimale.<\/li><li><strong>Rapidit\u00e9 d&rsquo;ex\u00e9cution :<\/strong> nos processus de travail bien organis\u00e9s et nos capacit\u00e9s flexibles nous permettent de traiter les commandes rapidement et de mani\u00e8re fiable, sans compromettre la qualit\u00e9.<\/li><\/ul>\t\t\t\t\t\t\t\t<\/div>\n\t\t\t\t<\/div>\n\t\t\t\t<\/div>\n\t\t\t\t<div class=\"elementor-element elementor-element-cbe0760 elementor-widget elementor-widget-image\" data-id=\"cbe0760\" data-element_type=\"widget\" data-widget_type=\"image.default\">\n\t\t\t\t<div class=\"elementor-widget-container\">\n\t\t\t\t\t\t\t\t\t\t\t\t\t\t\t<img fetchpriority=\"high\" decoding=\"async\" width=\"768\" height=\"512\" src=\"https:\/\/www.sima-handel.com\/wp-content\/uploads\/leistungen\/lohnverpackung\/verpacken-768x512.webp\" class=\"attachment-medium_large size-medium_large wp-image-2030\" alt=\"Une main utilise un d\u00e9rouleur de ruban pour paquets pour fermer une bo\u00eete.\" srcset=\"https:\/\/www.sima-handel.com\/wp-content\/uploads\/leistungen\/lohnverpackung\/verpacken-768x512.webp 768w, https:\/\/www.sima-handel.com\/wp-content\/uploads\/leistungen\/lohnverpackung\/verpacken-300x200.webp 300w, https:\/\/www.sima-handel.com\/wp-content\/uploads\/leistungen\/lohnverpackung\/verpacken-1024x683.webp 1024w, https:\/\/www.sima-handel.com\/wp-content\/uploads\/leistungen\/lohnverpackung\/verpacken-1536x1024.webp 1536w, https:\/\/www.sima-handel.com\/wp-content\/uploads\/leistungen\/lohnverpackung\/verpacken-2048x1366.webp 2048w\" sizes=\"(max-width: 768px) 100vw, 768px\" \/>\t\t\t\t\t\t\t\t\t\t\t\t\t\t\t<\/div>\n\t\t\t\t<\/div>\n\t\t\t\t<\/div>\n\t\t\t\t<div class=\"elementor-element elementor-element-2af2483 elementor-widget elementor-widget-heading\" data-id=\"2af2483\" data-element_type=\"widget\" data-widget_type=\"heading.default\">\n\t\t\t\t<div class=\"elementor-widget-container\">\n\t\t\t\t\t<h2 class=\"elementor-heading-title elementor-size-default\">Nos services dans le domaine du conditionnement \u00e0 fa\u00e7on :  <\/h2>\t\t\t\t<\/div>\n\t\t\t\t<\/div>\n\t\t<div class=\"elementor-element elementor-element-d13218f pad-t-s e-con-full e-flex e-con e-child\" data-id=\"d13218f\" data-element_type=\"container\" data-settings=\"{&quot;jet_parallax_layout_list&quot;:[]}\">\n\t\t\t\t<div class=\"slider-pause elementor-element elementor-element-52dd6a9 elementor-arrows-position-outside elementor-widget__width-initial elementor--h-position-center elementor--v-position-middle elementor-widget elementor-widget-slides\" data-id=\"52dd6a9\" data-element_type=\"widget\" data-settings=\"{&quot;navigation&quot;:&quot;arrows&quot;,&quot;autoplay&quot;:&quot;yes&quot;,&quot;pause_on_hover&quot;:&quot;yes&quot;,&quot;pause_on_interaction&quot;:&quot;yes&quot;,&quot;autoplay_speed&quot;:5000,&quot;infinite&quot;:&quot;yes&quot;,&quot;transition&quot;:&quot;slide&quot;,&quot;transition_speed&quot;:500}\" data-widget_type=\"slides.default\">\n\t\t\t\t<div class=\"elementor-widget-container\">\n\t\t\t\t\t\t\t\t\t<div class=\"elementor-swiper\">\n\t\t\t\t\t<div class=\"elementor-slides-wrapper elementor-main-swiper swiper\" role=\"region\" aria-roledescription=\"carousel\" aria-label=\"Slider\" dir=\"ltr\" data-animation=\"fadeInUp\">\n\t\t\t\t<div class=\"swiper-wrapper elementor-slides\">\n\t\t\t\t\t\t\t\t\t\t<div class=\"elementor-repeater-item-cdae494 swiper-slide\" role=\"group\" aria-roledescription=\"slide\"><div class=\"swiper-slide-bg\" role=\"img\" aria-label=\"Rouleaux emball\u00e9s dans un carton\"><\/div><div class=\"swiper-slide-inner\" ><div class=\"swiper-slide-contents\"><\/div><\/div><\/div><div class=\"elementor-repeater-item-c834e04 swiper-slide\" role=\"group\" aria-roledescription=\"slide\"><div class=\"swiper-slide-bg\" role=\"img\" aria-label=\"Rouleaux emball\u00e9s dans un carton\"><\/div><div class=\"swiper-slide-inner\" ><div class=\"swiper-slide-contents\"><\/div><\/div><\/div><div class=\"elementor-repeater-item-2409382 swiper-slide\" role=\"group\" aria-roledescription=\"slide\"><div class=\"swiper-slide-bg\" role=\"img\" aria-label=\"Une palette est enfonc\u00e9e\"><\/div><div class=\"swiper-slide-inner\" ><div class=\"swiper-slide-contents\"><\/div><\/div><\/div>\t\t\t\t<\/div>\n\t\t\t\t\t\t\t\t\t\t\t\t\t\t\t<div class=\"elementor-swiper-button elementor-swiper-button-prev\" role=\"button\" tabindex=\"0\" aria-label=\"Diapositive pr\u00e9c\u00e9dente\">\n\t\t\t\t\t\t\t<svg aria-hidden=\"true\" class=\"e-font-icon-svg e-eicon-chevron-left\" viewBox=\"0 0 1000 1000\" xmlns=\"http:\/\/www.w3.org\/2000\/svg\"><path d=\"M646 125C629 125 613 133 604 142L308 442C296 454 292 471 292 487 292 504 296 521 308 533L604 854C617 867 629 875 646 875 663 875 679 871 692 858 704 846 713 829 713 812 713 796 708 779 692 767L438 487 692 225C700 217 708 204 708 187 708 171 704 154 692 142 675 129 663 125 646 125Z\"><\/path><\/svg>\t\t\t\t\t\t<\/div>\n\t\t\t\t\t\t<div class=\"elementor-swiper-button elementor-swiper-button-next\" role=\"button\" tabindex=\"0\" aria-label=\"Diapositive suivante\">\n\t\t\t\t\t\t\t<svg aria-hidden=\"true\" class=\"e-font-icon-svg e-eicon-chevron-right\" viewBox=\"0 0 1000 1000\" xmlns=\"http:\/\/www.w3.org\/2000\/svg\"><path d=\"M696 533C708 521 713 504 713 487 713 471 708 454 696 446L400 146C388 133 375 125 354 125 338 125 325 129 313 142 300 154 292 171 292 187 292 204 296 221 308 233L563 492 304 771C292 783 288 800 288 817 288 833 296 850 308 863 321 871 338 875 354 875 371 875 388 867 400 854L696 533Z\"><\/path><\/svg>\t\t\t\t\t\t<\/div>\n\t\t\t\t\t\t\t\t\t\t\t\t\t\t\t\t\t<\/div>\n\t\t\t\t<\/div>\n\t\t\t\t\t\t\t\t<\/div>\n\t\t\t\t<\/div>\n\t\t<div class=\"elementor-element elementor-element-2b3a156 e-con-full e-flex e-con e-child\" data-id=\"2b3a156\" data-element_type=\"container\" data-settings=\"{&quot;jet_parallax_layout_list&quot;:[]}\">\n\t\t\t\t<div class=\"elementor-element elementor-element-d536838 elementor-widget__width-inherit elementor-widget-tablet__width-initial elementor-widget-mobile__width-inherit elementor-widget elementor-widget-text-editor\" data-id=\"d536838\" data-element_type=\"widget\" data-widget_type=\"text-editor.default\">\n\t\t\t\t<div class=\"elementor-widget-container\">\n\t\t\t\t\t\t\t\t\t<p>Nous proposons des services d&#8217;emballage vari\u00e9s pour de nombreux secteurs. De la conception d&#8217;emballages personnalis\u00e9s \u00e0 la pr\u00e9paration de commandes, en passant par le conditionnement, nous vous proposons un service complet. Nous nous chargeons \u00e9galement de la finition de vos produits afin de leur donner une touche finale.  <\/p><p>Contactez-nous pour trouver ensemble la solution d&#8217;emballage id\u00e9ale pour votre produit !<\/p>\t\t\t\t\t\t\t\t<\/div>\n\t\t\t\t<\/div>\n\t\t\t\t<div class=\"elementor-element elementor-element-e81bf3c button-light elementor-widget elementor-widget-button\" data-id=\"e81bf3c\" data-element_type=\"widget\" data-widget_type=\"button.default\">\n\t\t\t\t<div class=\"elementor-widget-container\">\n\t\t\t\t\t\t\t\t\t<div class=\"elementor-button-wrapper\">\n\t\t\t\t\t<a class=\"elementor-button elementor-button-link elementor-size-sm\" href=\"https:\/\/www.sima-handel.com\/fr\/contact\/#formular\" title=\"Ouvre un lien interne vers le contenu de la page Formulaire de contact sur la page Contact\">\n\t\t\t\t\t\t<span class=\"elementor-button-content-wrapper\">\n\t\t\t\t\t\t\t\t\t<span class=\"elementor-button-text\">Demande de prestation<\/span>\n\t\t\t\t\t<\/span>\n\t\t\t\t\t<\/a>\n\t\t\t\t<\/div>\n\t\t\t\t\t\t\t\t<\/div>\n\t\t\t\t<\/div>\n\t\t\t\t<\/div>\n\t\t\t\t<\/div>\n\t\t\t\t\t<\/div>\n\t\t\t\t<\/div>\n\t\t<div class=\"elementor-element elementor-element-30ee45d e-flex e-con-boxed e-con e-parent\" data-id=\"30ee45d\" data-element_type=\"container\" data-settings=\"{&quot;background_background&quot;:&quot;classic&quot;,&quot;jet_parallax_layout_list&quot;:[]}\">\n\t\t\t\t\t<div class=\"e-con-inner\">\n\t\t<div class=\"elementor-element elementor-element-64b77fd e-con-full e-flex e-con e-child\" data-id=\"64b77fd\" data-element_type=\"container\" data-settings=\"{&quot;background_background&quot;:&quot;classic&quot;,&quot;jet_parallax_layout_list&quot;:[]}\">\n\t\t\t\t<div class=\"elementor-element elementor-element-4095cc2 elementor-widget elementor-widget-heading\" data-id=\"4095cc2\" data-element_type=\"widget\" data-widget_type=\"heading.default\">\n\t\t\t\t<div class=\"elementor-widget-container\">\n\t\t\t\t\t<h2 class=\"elementor-heading-title elementor-size-default\">Nous nous ferons un plaisir de vous conseiller personnellement - contactez-nous d\u00e8s maintenant !<\/h2>\t\t\t\t<\/div>\n\t\t\t\t<\/div>\n\t\t\t\t<div class=\"elementor-element elementor-element-eb786fd elementor-widget elementor-widget-button\" data-id=\"eb786fd\" data-element_type=\"widget\" data-widget_type=\"button.default\">\n\t\t\t\t<div class=\"elementor-widget-container\">\n\t\t\t\t\t\t\t\t\t<div class=\"elementor-button-wrapper\">\n\t\t\t\t\t<a class=\"elementor-button elementor-button-link elementor-size-sm\" href=\"https:\/\/www.sima-handel.com\/fr\/contact\/#formular\" title=\"Ouvre un lien interne vers le contenu de la page Formulaire de contact sur la page Contact\">\n\t\t\t\t\t\t<span class=\"elementor-button-content-wrapper\">\n\t\t\t\t\t\t\t\t\t<span class=\"elementor-button-text\">Aller au formulaire de contact<\/span>\n\t\t\t\t\t<\/span>\n\t\t\t\t\t<\/a>\n\t\t\t\t<\/div>\n\t\t\t\t\t\t\t\t<\/div>\n\t\t\t\t<\/div>\n\t\t\t\t<\/div>\n\t\t\t\t\t<\/div>\n\t\t\t\t<\/div>\n\t\t\t\t<\/div>\n\t\t","protected":false},"excerpt":{"rendered":"<p>Conditionnement \u00e0 fa\u00e7on Avec notre service de conditionnement \u00e0 fa\u00e7on, nous vous proposons des solutions flexibles et de qualit\u00e9 pour l&#8217;emballage de vos produits. Nous d\u00e9veloppons des solutions d&#8217;emballage sur mesure, parfaitement adapt\u00e9es \u00e0 vos besoins et r\u00e9pondant aux normes de qualit\u00e9 les plus strictes. Demande de prestation Qu&rsquo;est-ce qui nous distingue ? Grande flexibilit\u00e9 [&hellip;]<\/p>\n","protected":false},"author":2,"featured_media":0,"parent":2042,"menu_order":1003,"comment_status":"closed","ping_status":"closed","template":"","meta":{"footnotes":""},"class_list":["post-2028","page","type-page","status-publish","hentry"],"_links":{"self":[{"href":"https:\/\/www.sima-handel.com\/fr\/wp-json\/wp\/v2\/pages\/2028","targetHints":{"allow":["GET"]}}],"collection":[{"href":"https:\/\/www.sima-handel.com\/fr\/wp-json\/wp\/v2\/pages"}],"about":[{"href":"https:\/\/www.sima-handel.com\/fr\/wp-json\/wp\/v2\/types\/page"}],"author":[{"embeddable":true,"href":"https:\/\/www.sima-handel.com\/fr\/wp-json\/wp\/v2\/users\/2"}],"replies":[{"embeddable":true,"href":"https:\/\/www.sima-handel.com\/fr\/wp-json\/wp\/v2\/comments?post=2028"}],"version-history":[{"count":15,"href":"https:\/\/www.sima-handel.com\/fr\/wp-json\/wp\/v2\/pages\/2028\/revisions"}],"predecessor-version":[{"id":4408,"href":"https:\/\/www.sima-handel.com\/fr\/wp-json\/wp\/v2\/pages\/2028\/revisions\/4408"}],"up":[{"embeddable":true,"href":"https:\/\/www.sima-handel.com\/fr\/wp-json\/wp\/v2\/pages\/2042"}],"wp:attachment":[{"href":"https:\/\/www.sima-handel.com\/fr\/wp-json\/wp\/v2\/media?parent=2028"}],"curies":[{"name":"wp","href":"https:\/\/api.w.org\/{rel}","templated":true}]}}