{"id":1983,"date":"2025-09-05T10:14:17","date_gmt":"2025-09-05T08:14:17","guid":{"rendered":"https:\/\/www.sima-handel.de\/tireurs\/"},"modified":"2025-12-23T15:12:18","modified_gmt":"2025-12-23T14:12:18","slug":"tireurs","status":"publish","type":"page","link":"https:\/\/www.sima-handel.com\/fr\/produits\/tireurs\/","title":{"rendered":"Tireurs"},"content":{"rendered":"\t\t<div data-elementor-type=\"wp-page\" data-elementor-id=\"1983\" class=\"elementor elementor-1983 elementor-1428\" data-elementor-post-type=\"page\">\n\t\t\t\t<div class=\"elementor-element elementor-element-ed5a6cb pad-tb-m e-flex e-con-boxed e-con e-parent\" data-id=\"ed5a6cb\" data-element_type=\"container\" id=\"content\" data-settings=\"{&quot;background_background&quot;:&quot;classic&quot;,&quot;jet_parallax_layout_list&quot;:[]}\">\n\t\t\t\t\t<div class=\"e-con-inner\">\n\t\t<div class=\"elementor-element elementor-element-c0a89ab e-con-full e-flex e-con e-child\" data-id=\"c0a89ab\" data-element_type=\"container\" data-settings=\"{&quot;jet_parallax_layout_list&quot;:[]}\">\n\t\t\t\t<div class=\"elementor-element elementor-element-7c6799d elementor-widget__width-initial elementor-widget elementor-widget-heading\" data-id=\"7c6799d\" data-element_type=\"widget\" data-widget_type=\"heading.default\">\n\t\t\t\t<div class=\"elementor-widget-container\">\n\t\t\t\t\t<h1 class=\"elementor-heading-title elementor-size-default\">Prot\u00e9ger - efficace, flexible et fonctionnel<\/h1>\t\t\t\t<\/div>\n\t\t\t\t<\/div>\n\t\t\t\t<\/div>\n\t\t<div class=\"elementor-element elementor-element-13c9b42 e-con-full e-flex e-con e-child\" data-id=\"13c9b42\" data-element_type=\"container\" data-settings=\"{&quot;jet_parallax_layout_list&quot;:[]}\">\n\t\t\t\t<div class=\"elementor-element elementor-element-d3bf5c6 elementor-widget__width-inherit elementor-widget elementor-widget-text-editor\" data-id=\"d3bf5c6\" data-element_type=\"widget\" data-widget_type=\"text-editor.default\">\n\t\t\t\t<div class=\"elementor-widget-container\">\n\t\t\t\t\t\t\t\t\tQu&rsquo;il s&rsquo;agisse de filets de protection de surface robustes en poly\u00e9thyl\u00e8ne ou de grilles d&rsquo;interposition polyvalentes, nous structurons clairement nos produits industriels et vous proposons des solutions optimales pour la protection, la stabilit\u00e9 et l&rsquo;efficacit\u00e9 de vos processus de production et de logistique. Forts d&rsquo;une longue exp\u00e9rience, de mat\u00e9riaux de qualit\u00e9 et d&rsquo;un service fiable, nous sommes votre partenaire pour des besoins industriels bien pens\u00e9s. \t\t\t\t\t\t\t\t<\/div>\n\t\t\t\t<\/div>\n\t\t\t\t<\/div>\n\t\t\t\t\t<\/div>\n\t\t\t\t<\/div>\n\t\t<div class=\"elementor-element elementor-element-b7331c5 pad-b-m e-flex e-con-boxed e-con e-parent\" data-id=\"b7331c5\" data-element_type=\"container\" data-settings=\"{&quot;background_background&quot;:&quot;classic&quot;,&quot;jet_parallax_layout_list&quot;:[]}\">\n\t\t\t\t\t<div class=\"e-con-inner\">\n\t\t<div class=\"elementor-element elementor-element-6c5ff8d e-con-full e-flex e-con e-child\" data-id=\"6c5ff8d\" data-element_type=\"container\" data-settings=\"{&quot;jet_parallax_layout_list&quot;:[]}\">\n\t\t\t\t<div class=\"elementor-element elementor-element-f84d163 elementor-widget elementor-widget-jet-listing-grid\" data-id=\"f84d163\" data-element_type=\"widget\" data-settings=\"{&quot;columns&quot;:&quot;4&quot;,&quot;columns_laptop&quot;:&quot;4&quot;,&quot;columns_tablet&quot;:&quot;2&quot;,&quot;columns_mobile&quot;:&quot;1&quot;}\" data-widget_type=\"jet-listing-grid.default\">\n\t\t\t\t<div class=\"elementor-widget-container\">\n\t\t\t\t\t<div class=\"jet-listing-grid jet-listing\"><div class=\"jet-listing-grid__items grid-col-desk-4 grid-col-tablet-2 grid-col-mobile-1 jet-listing-grid--838 jet-equal-columns__wrapper\" data-queried-id=\"1983|WP_Post\" data-nav=\"{&quot;enabled&quot;:true,&quot;type&quot;:&quot;click&quot;,&quot;more_el&quot;:null,&quot;query&quot;:{&quot;post_status&quot;:[&quot;publish&quot;],&quot;post_type&quot;:&quot;produkt&quot;,&quot;posts_per_page&quot;:&quot;100&quot;,&quot;paged&quot;:&quot;1&quot;,&quot;ignore_sticky_posts&quot;:&quot;1&quot;,&quot;order&quot;:&quot;ASC&quot;,&quot;orderby&quot;:&quot;title&quot;,&quot;post__in&quot;:[&quot;571&quot;,&quot;581&quot;],&quot;signature&quot;:&quot;f70fd4037d32885203dce817e0dc56d06359de13c932a7ec2039a1eb40163d05&quot;},&quot;widget_settings&quot;:{&quot;lisitng_id&quot;:838,&quot;posts_num&quot;:100,&quot;columns&quot;:4,&quot;columns_tablet&quot;:2,&quot;columns_mobile&quot;:1,&quot;column_min_width&quot;:240,&quot;column_min_width_tablet&quot;:240,&quot;column_min_width_mobile&quot;:240,&quot;inline_columns_css&quot;:false,&quot;is_archive_template&quot;:&quot;&quot;,&quot;post_status&quot;:[&quot;publish&quot;],&quot;use_random_posts_num&quot;:&quot;&quot;,&quot;max_posts_num&quot;:9,&quot;not_found_message&quot;:&quot;Aucune entr\\u00e9e trouv\\u00e9e&quot;,&quot;is_masonry&quot;:false,&quot;equal_columns_height&quot;:&quot;yes&quot;,&quot;use_load_more&quot;:&quot;yes&quot;,&quot;load_more_id&quot;:&quot;&quot;,&quot;load_more_type&quot;:&quot;click&quot;,&quot;load_more_offset&quot;:{&quot;unit&quot;:&quot;px&quot;,&quot;size&quot;:0,&quot;sizes&quot;:[]},&quot;use_custom_post_types&quot;:&quot;&quot;,&quot;custom_post_types&quot;:[],&quot;hide_widget_if&quot;:&quot;&quot;,&quot;carousel_enabled&quot;:&quot;&quot;,&quot;slides_to_scroll&quot;:&quot;1&quot;,&quot;arrows&quot;:&quot;true&quot;,&quot;arrow_icon&quot;:&quot;fa fa-angle-left&quot;,&quot;dots&quot;:&quot;&quot;,&quot;autoplay&quot;:&quot;true&quot;,&quot;pause_on_hover&quot;:&quot;true&quot;,&quot;autoplay_speed&quot;:5000,&quot;infinite&quot;:&quot;true&quot;,&quot;center_mode&quot;:&quot;&quot;,&quot;effect&quot;:&quot;slide&quot;,&quot;speed&quot;:500,&quot;inject_alternative_items&quot;:&quot;&quot;,&quot;injection_items&quot;:[],&quot;scroll_slider_enabled&quot;:&quot;&quot;,&quot;scroll_slider_on&quot;:[&quot;desktop&quot;,&quot;tablet&quot;,&quot;mobile&quot;],&quot;custom_query&quot;:false,&quot;custom_query_id&quot;:&quot;&quot;,&quot;_element_id&quot;:&quot;&quot;,&quot;collapse_first_last_gap&quot;:false,&quot;list_tag_selection&quot;:&quot;&quot;,&quot;list_items_wrapper_tag&quot;:&quot;div&quot;,&quot;list_item_tag&quot;:&quot;div&quot;,&quot;empty_items_wrapper_tag&quot;:&quot;div&quot;}}\" data-page=\"1\" data-pages=\"1\" data-listing-source=\"posts\" data-listing-id=\"838\" data-query-id=\"\"><div class=\"jet-listing-grid__item jet-listing-dynamic-post-2396 jet-equal-columns\" data-post-id=\"2396\"  ><style type=\"text\/css\">.jet-listing-dynamic-post-2396 .elementor-element.elementor-element-a2547fc:not(.elementor-motion-effects-element-type-background), .jet-listing-dynamic-post-2396 .elementor-element.elementor-element-a2547fc > .elementor-motion-effects-container > .elementor-motion-effects-layer{background-image:url(\"https:\/\/www.sima-handel.com\/wp-content\/uploads\/produkte\/oberflaechen-schutznetze\/oberflaechen-schutznetze.webp\");}<\/style>\t\t<div data-elementor-type=\"jet-listing-items\" data-elementor-id=\"2234\" class=\"elementor elementor-2234 elementor-838\" data-elementor-post-type=\"jet-engine\">\n\t\t\t\t<div class=\"elementor-element elementor-element-45f4157 e-con-full e-flex e-con e-parent\" data-id=\"45f4157\" data-element_type=\"container\" data-settings=\"{&quot;jet_parallax_layout_list&quot;:[],&quot;background_background&quot;:&quot;classic&quot;}\">\n\t\t<div class=\"elementor-element elementor-element-a2547fc e-con-full e-flex e-con e-child\" data-id=\"a2547fc\" data-element_type=\"container\" data-settings=\"{&quot;background_background&quot;:&quot;classic&quot;,&quot;jet_parallax_layout_list&quot;:[]}\">\n\t\t\t\t<div class=\"elementor-element elementor-element-99f00c1 elementor-widget elementor-widget-jet-listing-dynamic-field\" data-id=\"99f00c1\" data-element_type=\"widget\" data-widget_type=\"jet-listing-dynamic-field.default\">\n\t\t\t\t<div class=\"elementor-widget-container\">\n\t\t\t\t\t<div class=\"jet-listing jet-listing-dynamic-field display-inline\"><div class=\"jet-listing-dynamic-field__inline-wrap\"><div class=\"jet-listing-dynamic-field__content\">industrie<\/div><\/div><\/div>\t\t\t\t<\/div>\n\t\t\t\t<\/div>\n\t\t\t\t<\/div>\n\t\t<div class=\"elementor-element elementor-element-7203381 e-con-full e-flex e-con e-child\" data-id=\"7203381\" data-element_type=\"container\" data-settings=\"{&quot;background_background&quot;:&quot;classic&quot;,&quot;jet_parallax_layout_list&quot;:[]}\">\n\t\t\t\t<div class=\"elementor-element elementor-element-0cfcb39 elementor-widget elementor-widget-jet-listing-dynamic-field\" data-id=\"0cfcb39\" data-element_type=\"widget\" data-widget_type=\"jet-listing-dynamic-field.default\">\n\t\t\t\t<div class=\"elementor-widget-container\">\n\t\t\t\t\t<div class=\"jet-listing jet-listing-dynamic-field display-inline\"><div class=\"jet-listing-dynamic-field__inline-wrap\"><h2 class=\"jet-listing-dynamic-field__content\">Filets de protection de surface<\/h2><\/div><\/div>\t\t\t\t<\/div>\n\t\t\t\t<\/div>\n\t\t\t\t<div class=\"elementor-element elementor-element-e5dafa4 elementor-laptop-align-left elementor-widget elementor-widget-button\" data-id=\"e5dafa4\" data-element_type=\"widget\" data-widget_type=\"button.default\">\n\t\t\t\t<div class=\"elementor-widget-container\">\n\t\t\t\t\t\t\t\t\t<div class=\"elementor-button-wrapper\">\n\t\t\t\t\t<a class=\"elementor-button elementor-button-link elementor-size-sm\" href=\"https:\/\/www.sima-handel.com\/fr\/produkt\/oberflaechen-schutznetze\/\" title=\"Ouvre un lien interne vers la page de d\u00e9tails du produit\">\n\t\t\t\t\t\t<span class=\"elementor-button-content-wrapper\">\n\t\t\t\t\t\t\t\t\t<span class=\"elementor-button-text\">Vers le produit<\/span>\n\t\t\t\t\t<\/span>\n\t\t\t\t\t<\/a>\n\t\t\t\t<\/div>\n\t\t\t\t\t\t\t\t<\/div>\n\t\t\t\t<\/div>\n\t\t\t\t<\/div>\n\t\t\t\t<\/div>\n\t\t\t\t<\/div>\n\t\t<\/div><div class=\"jet-listing-grid__item jet-listing-dynamic-post-2406 jet-equal-columns\" data-post-id=\"2406\"  ><style type=\"text\/css\">.jet-listing-dynamic-post-2406 .elementor-element.elementor-element-a2547fc:not(.elementor-motion-effects-element-type-background), .jet-listing-dynamic-post-2406 .elementor-element.elementor-element-a2547fc > .elementor-motion-effects-container > .elementor-motion-effects-layer{background-image:url(\"https:\/\/www.sima-handel.com\/wp-content\/uploads\/produkte\/zwischenlagegitter.webp\");}<\/style>\t\t<div data-elementor-type=\"jet-listing-items\" data-elementor-id=\"2234\" class=\"elementor elementor-2234 elementor-838\" data-elementor-post-type=\"jet-engine\">\n\t\t\t\t<div class=\"elementor-element elementor-element-45f4157 e-con-full e-flex e-con e-parent\" data-id=\"45f4157\" data-element_type=\"container\" data-settings=\"{&quot;jet_parallax_layout_list&quot;:[],&quot;background_background&quot;:&quot;classic&quot;}\">\n\t\t<div class=\"elementor-element elementor-element-a2547fc e-con-full e-flex e-con e-child\" data-id=\"a2547fc\" data-element_type=\"container\" data-settings=\"{&quot;background_background&quot;:&quot;classic&quot;,&quot;jet_parallax_layout_list&quot;:[]}\">\n\t\t\t\t<div class=\"elementor-element elementor-element-99f00c1 elementor-widget elementor-widget-jet-listing-dynamic-field\" data-id=\"99f00c1\" data-element_type=\"widget\" data-widget_type=\"jet-listing-dynamic-field.default\">\n\t\t\t\t<div class=\"elementor-widget-container\">\n\t\t\t\t\t<div class=\"jet-listing jet-listing-dynamic-field display-inline\"><div class=\"jet-listing-dynamic-field__inline-wrap\"><div class=\"jet-listing-dynamic-field__content\">industrie<\/div><\/div><\/div>\t\t\t\t<\/div>\n\t\t\t\t<\/div>\n\t\t\t\t<\/div>\n\t\t<div class=\"elementor-element elementor-element-7203381 e-con-full e-flex e-con e-child\" data-id=\"7203381\" data-element_type=\"container\" data-settings=\"{&quot;background_background&quot;:&quot;classic&quot;,&quot;jet_parallax_layout_list&quot;:[]}\">\n\t\t\t\t<div class=\"elementor-element elementor-element-0cfcb39 elementor-widget elementor-widget-jet-listing-dynamic-field\" data-id=\"0cfcb39\" data-element_type=\"widget\" data-widget_type=\"jet-listing-dynamic-field.default\">\n\t\t\t\t<div class=\"elementor-widget-container\">\n\t\t\t\t\t<div class=\"jet-listing jet-listing-dynamic-field display-inline\"><div class=\"jet-listing-dynamic-field__inline-wrap\"><h2 class=\"jet-listing-dynamic-field__content\">Grille intercalaire<\/h2><\/div><\/div>\t\t\t\t<\/div>\n\t\t\t\t<\/div>\n\t\t\t\t<div class=\"elementor-element elementor-element-e5dafa4 elementor-laptop-align-left elementor-widget elementor-widget-button\" data-id=\"e5dafa4\" data-element_type=\"widget\" data-widget_type=\"button.default\">\n\t\t\t\t<div class=\"elementor-widget-container\">\n\t\t\t\t\t\t\t\t\t<div class=\"elementor-button-wrapper\">\n\t\t\t\t\t<a class=\"elementor-button elementor-button-link elementor-size-sm\" href=\"https:\/\/www.sima-handel.com\/fr\/produkt\/grille-intercalaire\/\" title=\"Ouvre un lien interne vers la page de d\u00e9tails du produit\">\n\t\t\t\t\t\t<span class=\"elementor-button-content-wrapper\">\n\t\t\t\t\t\t\t\t\t<span class=\"elementor-button-text\">Vers le produit<\/span>\n\t\t\t\t\t<\/span>\n\t\t\t\t\t<\/a>\n\t\t\t\t<\/div>\n\t\t\t\t\t\t\t\t<\/div>\n\t\t\t\t<\/div>\n\t\t\t\t<\/div>\n\t\t\t\t<\/div>\n\t\t\t\t<\/div>\n\t\t<\/div><\/div><\/div>\t\t\t\t<\/div>\n\t\t\t\t<\/div>\n\t\t\t\t<\/div>\n\t\t\t\t\t<\/div>\n\t\t\t\t<\/div>\n\t\t<div class=\"elementor-element elementor-element-27c7358 pad-tb-m e-flex e-con-boxed e-con e-parent\" data-id=\"27c7358\" data-element_type=\"container\" data-settings=\"{&quot;jet_parallax_layout_list&quot;:[]}\">\n\t\t\t\t\t<div class=\"e-con-inner\">\n\t\t\t\t<div class=\"elementor-element elementor-element-513fada elementor-widget__width-initial elementor-widget elementor-widget-heading\" data-id=\"513fada\" data-element_type=\"widget\" data-widget_type=\"heading.default\">\n\t\t\t\t<div class=\"elementor-widget-container\">\n\t\t\t\t\t<h2 class=\"elementor-heading-title elementor-size-default\">Des produits qui convainquent - des solutions pour chaque t\u00e2che<\/h2>\t\t\t\t<\/div>\n\t\t\t\t<\/div>\n\t\t\t\t<div class=\"elementor-element elementor-element-05d892f elementor-widget__width-initial elementor-widget elementor-widget-text-editor\" data-id=\"05d892f\" data-element_type=\"widget\" data-widget_type=\"text-editor.default\">\n\t\t\t\t<div class=\"elementor-widget-container\">\n\t\t\t\t\t\t\t\t\t<p>D\u00e9couvrez des produits de haute qualit\u00e9 pour la construction, l&rsquo;industrie et diverses applications : des solutions de protection fiables sur les chantiers aux mat\u00e9riaux robustes pour les processus industriels, en passant par des aides pratiques pour la vie quotidienne et le commerce. Une qualit\u00e9 qui dure &#8211; des solutions qui conviennent. <\/p>\t\t\t\t\t\t\t\t<\/div>\n\t\t\t\t<\/div>\n\t\t<div class=\"elementor-element elementor-element-db647d6 e-con-full e-flex e-con e-child\" data-id=\"db647d6\" data-element_type=\"container\" data-settings=\"{&quot;jet_parallax_layout_list&quot;:[]}\">\n\t\t<a class=\"elementor-element elementor-element-2e76b50 e-con-full e-flex e-con e-child\" data-id=\"2e76b50\" data-element_type=\"container\" data-settings=\"{&quot;background_background&quot;:&quot;classic&quot;,&quot;jet_parallax_layout_list&quot;:[]}\" href=\"https:\/\/www.sima-handel.com\/produkte\/abdecken\/\" title=\"Ouvre un lien interne vers la page Divers\">\n\t\t\t\t<div class=\"elementor-element elementor-element-a4030c2 elementor-view-default elementor-widget elementor-widget-icon\" data-id=\"a4030c2\" data-element_type=\"widget\" data-widget_type=\"icon.default\">\n\t\t\t\t<div class=\"elementor-widget-container\">\n\t\t\t\t\t <div class=\"elementor-icon-wrapper\"> <div class=\"elementor-icon\"> <svg role=\"img\" xmlns=\"http:\/\/www.w3.org\/2000\/svg\" width=\"137\" height=\"89\" viewBox=\"0 0 137 89\" fill=\"none\"><title>Icon Rolle - Abdecken<\/title><path d=\"M73.8244 41.4379L133.747 42.2805L133.568 42.6411C118.894 57.278 104.28 71.9701 89.3818 86.3689C68.6996 86.5541 48.0065 86.5132 27.3111 86.5192C10.3302 85.661 -1.1468 69.8437 2.76872 53.3366C4.71204 45.1425 10.5035 41.0917 16.1301 35.5517C24.5074 27.3035 32.7139 18.8365 41.3343 10.8456C46.654 5.91375 50.7007 2.72482 58.3609 2.49163C77.0432 1.92428 87.8704 22.6397 76.8795 37.8186C75.9987 39.0351 74.8388 39.9895 74.0037 41.0761C73.911 41.1963 73.7702 41.2287 73.8244 41.4367V41.4379ZM49.2772 61.2698C49.5852 61.4982 50.1532 60.4645 50.3566 60.2457C55.2046 55.0542 60.445 50.1945 65.4037 45.1064C68.7862 41.6362 74.408 36.4928 76.3333 32.2245C84.5397 14.0333 61.9635 -2.62291 46.9332 10.1881L20.397 36.208C22.4365 36.0457 24.4148 35.5817 26.4784 35.661C36.0302 36.0313 44.9381 42.3851 48.163 51.3821C49.2989 54.553 49.4878 57.3837 49.4036 60.7337C49.3987 60.9381 49.3663 61.0859 49.276 61.2662L49.2772 61.2698ZM125.926 45.5259C121.815 45.3889 117.706 45.4718 113.587 45.4105C101.611 45.2302 89.5947 44.9057 77.6184 44.7999C75.1793 44.7783 72.7366 44.8059 70.2975 44.83C62.7348 52.4627 55.1541 60.0822 47.6492 67.7619C44.9646 70.5097 43.1753 73.0243 39.6521 74.9186C29.1088 80.5861 14.6536 77.5065 11.045 65.1451C7.33522 52.4375 19.0854 40.6181 31.7368 45.437C36.5127 47.2556 39.8181 51.4723 40.1346 56.6409C40.9107 69.274 24.4256 73.8104 19.912 61.4561C19.4909 60.3022 18.5644 57.3453 20.3621 56.9738C22.6086 56.5111 22.5749 58.992 23.0767 60.4573C25.8202 68.4494 36.6125 66.0742 36.8845 57.8537C37.1661 49.3892 27.3929 45.4863 20.5089 48.9468C9.34352 54.559 12.6694 70.9724 24.3642 73.8344C36.645 76.8394 48.6539 67.6188 45.6048 54.5398C40.7435 33.6922 9.97043 34.2703 5.76973 55.0182C2.95644 68.9146 12.6718 82.1006 26.8262 83.1548L87.8355 83.1476C94.586 76.9464 101.007 70.3245 107.509 63.8553C113.522 57.8729 119.535 51.9038 125.625 46.0115C125.766 45.8757 125.959 45.7519 125.922 45.5283L125.926 45.5259Z\" fill=\"#244184\" stroke=\"#244184\" stroke-width=\"4\" stroke-miterlimit=\"10\"><\/path><\/svg> <\/div> <\/div> \t\t\t\t<\/div>\n\t\t\t\t<\/div>\n\t\t\t\t<div class=\"elementor-element elementor-element-d91c173 elementor-widget elementor-widget-heading\" data-id=\"d91c173\" data-element_type=\"widget\" data-widget_type=\"heading.default\">\n\t\t\t\t<div class=\"elementor-widget-container\">\n\t\t\t\t\t<h3 class=\"elementor-heading-title elementor-size-default\">Couvrir<\/h3>\t\t\t\t<\/div>\n\t\t\t\t<\/div>\n\t\t\t\t<\/a>\n\t\t<a class=\"elementor-element elementor-element-d8fb319 e-con-full e-flex e-con e-child\" data-id=\"d8fb319\" data-element_type=\"container\" data-settings=\"{&quot;background_background&quot;:&quot;classic&quot;,&quot;jet_parallax_layout_list&quot;:[]}\" href=\"\/produkte\/#produkte\" title=\"Ouvre un lien interne vers le contenu de la page \u00ab Tous les produits en un coup d&#039;\u0153il \u00bb sur la page Produits\">\n\t\t\t\t<div class=\"elementor-element elementor-element-279b860 elementor-view-default elementor-widget elementor-widget-icon\" data-id=\"279b860\" data-element_type=\"widget\" data-widget_type=\"icon.default\">\n\t\t\t\t<div class=\"elementor-widget-container\">\n\t\t\t\t\t <div class=\"elementor-icon-wrapper\"> <div class=\"elementor-icon\"> <svg role=\"img\" xmlns=\"http:\/\/www.w3.org\/2000\/svg\" width=\"96\" height=\"86\" viewBox=\"0 0 96 86\" fill=\"none\"><title>Icon Hand mit Box dar\u00fcber - Alle Produkte<\/title><path d=\"M71.7188 8.59375H58.4375V20.8789C58.4375 21.543 57.9395 21.875 57.2754 21.875C57.1094 21.875 56.9434 21.875 56.7773 21.875L49.1406 17.3926C48.3105 16.8945 47.3145 16.8945 46.4844 17.3926L38.6816 21.875C38.5156 21.875 38.3496 21.875 38.1836 21.875C37.5195 21.875 37.1875 21.543 37.1875 20.8789V8.59375H23.9062V35.1562H71.7188V8.59375ZM71.7188 0.625C76.0352 0.625 79.6875 4.27734 79.6875 8.59375V35.1562C79.6875 39.6387 76.0352 43.125 71.7188 43.125H23.9062C19.4238 43.125 15.9375 39.6387 15.9375 35.1562V8.59375C15.9375 4.27734 19.4238 0.625 23.9062 0.625H37.1875H58.4375H71.7188ZM31.0449 59.0625C29.7168 59.0625 28.3887 59.5605 27.3926 60.2246L14.1113 69.0234C13.4473 69.5215 12.6172 69.6875 11.9531 69.6875H3.98438C1.66016 69.6875 0 68.0273 0 65.7031C0 63.5449 1.66016 61.7188 3.98438 61.7188H10.625L22.9102 53.584C25.4004 52.0898 28.2227 51.0938 31.0449 51.0938H57.1094C62.9199 51.0938 67.7344 55.9082 67.7344 61.7188C67.7344 61.8848 67.7344 62.0508 67.7344 62.0508L78.3594 55.4102C80.1855 54.4141 82.1777 53.75 84.3359 53.75H85.498C91.1426 53.75 95.625 58.2324 95.625 63.877C95.625 67.1973 93.7988 70.3516 90.9766 72.1777L75.2051 82.4707C71.8848 84.6289 68.0664 85.791 64.248 85.791H3.98438C1.66016 85.791 0 83.9648 0 81.8066C0 79.4824 1.66016 77.8223 3.98438 77.8223H64.248C66.5723 77.8223 68.8965 77.1582 70.7227 75.8301L86.6602 65.5371C87.1582 65.2051 87.6562 64.541 87.6562 63.877C87.6562 62.7148 86.6602 61.7188 85.498 61.7188H84.3359C83.6719 61.7188 83.1738 61.8848 82.6758 62.2168L67.0703 71.8457C66.4062 72.1777 65.7422 72.3438 64.9121 72.3438H57.1094H53.125H42.5C40.1758 72.3438 38.5156 70.6836 38.5156 68.3594C38.5156 66.2012 40.1758 64.375 42.5 64.375H53.125H57.1094C58.4375 64.375 59.7656 63.2129 59.7656 61.7188C59.7656 60.3906 58.4375 59.0625 57.1094 59.0625H31.0449Z\" fill=\"#244184\"><\/path><\/svg> <\/div> <\/div> \t\t\t\t<\/div>\n\t\t\t\t<\/div>\n\t\t\t\t<div class=\"elementor-element elementor-element-efa71ac elementor-widget elementor-widget-heading\" data-id=\"efa71ac\" data-element_type=\"widget\" data-widget_type=\"heading.default\">\n\t\t\t\t<div class=\"elementor-widget-container\">\n\t\t\t\t\t<h3 class=\"elementor-heading-title elementor-size-default\">Tous les produits<\/h3>\t\t\t\t<\/div>\n\t\t\t\t<\/div>\n\t\t\t\t<\/a>\n\t\t\t\t<\/div>\n\t\t\t\t\t<\/div>\n\t\t\t\t<\/div>\n\t\t<div class=\"elementor-element elementor-element-5df33594 e-flex e-con-boxed e-con e-parent\" data-id=\"5df33594\" data-element_type=\"container\" data-settings=\"{&quot;background_background&quot;:&quot;classic&quot;,&quot;jet_parallax_layout_list&quot;:[]}\">\n\t\t\t\t\t<div class=\"e-con-inner\">\n\t\t<div class=\"elementor-element elementor-element-5ac02542 e-con-full e-flex e-con e-child\" data-id=\"5ac02542\" data-element_type=\"container\" data-settings=\"{&quot;background_background&quot;:&quot;classic&quot;,&quot;jet_parallax_layout_list&quot;:[]}\">\n\t\t\t\t<div class=\"elementor-element elementor-element-20c77c37 elementor-widget elementor-widget-heading\" data-id=\"20c77c37\" data-element_type=\"widget\" data-widget_type=\"heading.default\">\n\t\t\t\t<div class=\"elementor-widget-container\">\n\t\t\t\t\t<div class=\"elementor-heading-title elementor-size-default\">Nous nous ferons un plaisir de vous conseiller personnellement - contactez-nous d\u00e8s maintenant !<\/div>\t\t\t\t<\/div>\n\t\t\t\t<\/div>\n\t\t\t\t<div class=\"elementor-element elementor-element-735d400e elementor-widget elementor-widget-button\" data-id=\"735d400e\" data-element_type=\"widget\" data-widget_type=\"button.default\">\n\t\t\t\t<div class=\"elementor-widget-container\">\n\t\t\t\t\t\t\t\t\t<div class=\"elementor-button-wrapper\">\n\t\t\t\t\t<a class=\"elementor-button elementor-button-link elementor-size-sm\" href=\"\/kontakt\/#formular\" title=\"Ouvre un lien interne vers la page Contact et le rep\u00e8re Formulaire\">\n\t\t\t\t\t\t<span class=\"elementor-button-content-wrapper\">\n\t\t\t\t\t\t\t\t\t<span class=\"elementor-button-text\">Aller au formulaire de contact<\/span>\n\t\t\t\t\t<\/span>\n\t\t\t\t\t<\/a>\n\t\t\t\t<\/div>\n\t\t\t\t\t\t\t\t<\/div>\n\t\t\t\t<\/div>\n\t\t\t\t<\/div>\n\t\t\t\t\t<\/div>\n\t\t\t\t<\/div>\n\t\t\t\t<\/div>\n\t\t","protected":false},"excerpt":{"rendered":"<p>Prot\u00e9ger &#8211; efficace, flexible et fonctionnel Qu&rsquo;il s&rsquo;agisse de filets de protection de surface robustes en poly\u00e9thyl\u00e8ne ou de grilles d&rsquo;interposition polyvalentes, nous structurons clairement nos produits industriels et vous proposons des solutions optimales pour la protection, la stabilit\u00e9 et l&rsquo;efficacit\u00e9 de vos processus de production et de logistique. Forts d&rsquo;une longue exp\u00e9rience, de mat\u00e9riaux [&hellip;]<\/p>\n","protected":false},"author":2,"featured_media":0,"parent":1997,"menu_order":1012,"comment_status":"closed","ping_status":"closed","template":"","meta":{"footnotes":""},"class_list":["post-1983","page","type-page","status-publish","hentry"],"_links":{"self":[{"href":"https:\/\/www.sima-handel.com\/fr\/wp-json\/wp\/v2\/pages\/1983","targetHints":{"allow":["GET"]}}],"collection":[{"href":"https:\/\/www.sima-handel.com\/fr\/wp-json\/wp\/v2\/pages"}],"about":[{"href":"https:\/\/www.sima-handel.com\/fr\/wp-json\/wp\/v2\/types\/page"}],"author":[{"embeddable":true,"href":"https:\/\/www.sima-handel.com\/fr\/wp-json\/wp\/v2\/users\/2"}],"replies":[{"embeddable":true,"href":"https:\/\/www.sima-handel.com\/fr\/wp-json\/wp\/v2\/comments?post=1983"}],"version-history":[{"count":18,"href":"https:\/\/www.sima-handel.com\/fr\/wp-json\/wp\/v2\/pages\/1983\/revisions"}],"predecessor-version":[{"id":4321,"href":"https:\/\/www.sima-handel.com\/fr\/wp-json\/wp\/v2\/pages\/1983\/revisions\/4321"}],"up":[{"embeddable":true,"href":"https:\/\/www.sima-handel.com\/fr\/wp-json\/wp\/v2\/pages\/1997"}],"wp:attachment":[{"href":"https:\/\/www.sima-handel.com\/fr\/wp-json\/wp\/v2\/media?parent=1983"}],"curies":[{"name":"wp","href":"https:\/\/api.w.org\/{rel}","templated":true}]}}