{"id":2676,"date":"2025-10-30T10:48:00","date_gmt":"2025-10-30T09:48:00","guid":{"rendered":"https:\/\/www.sima-handel.de\/barriere-melden\/"},"modified":"2025-12-23T11:53:53","modified_gmt":"2025-12-23T10:53:53","slug":"informe-barrera","status":"publish","type":"page","link":"https:\/\/www.sima-handel.com\/es\/informe-barrera\/","title":{"rendered":"Informe barrera"},"content":{"rendered":"\t\t<div data-elementor-type=\"wp-page\" data-elementor-id=\"2676\" class=\"elementor elementor-2676 elementor-2602\" data-elementor-post-type=\"page\">\n\t\t\t\t<div class=\"elementor-element elementor-element-b54248a pad-tb-m e-con-full e-flex e-con e-parent\" data-id=\"b54248a\" data-element_type=\"container\" id=\"content\" data-settings=\"{&quot;jet_parallax_layout_list&quot;:[]}\">\n\t\t<div class=\"elementor-element elementor-element-2ac310b e-con-full e-flex e-con e-child\" data-id=\"2ac310b\" data-element_type=\"container\" data-settings=\"{&quot;jet_parallax_layout_list&quot;:[]}\">\n\t\t<div class=\"elementor-element elementor-element-2d276b8 e-con-full e-flex e-con e-child\" data-id=\"2d276b8\" data-element_type=\"container\" data-settings=\"{&quot;jet_parallax_layout_list&quot;:[]}\">\n\t\t\t\t<div class=\"elementor-element elementor-element-5c33abb elementor-widget elementor-widget-heading\" data-id=\"5c33abb\" data-element_type=\"widget\" data-widget_type=\"heading.default\">\n\t\t\t\t<div class=\"elementor-widget-container\">\n\t\t\t\t\t<h1 class=\"elementor-heading-title elementor-size-default\">Informe barrera<\/h1>\t\t\t\t<\/div>\n\t\t\t\t<\/div>\n\t\t\t\t<div class=\"elementor-element elementor-element-2e7cfa8 elementor-widget__width-initial elementor-widget elementor-widget-text-editor\" data-id=\"2e7cfa8\" data-element_type=\"widget\" data-widget_type=\"text-editor.default\">\n\t\t\t\t<div class=\"elementor-widget-container\">\n\t\t\t\t\t\t\t\t\t<p><strong>Ay\u00fadanos a mejorar nuestros servicios.<\/strong>  \u00bfHas descubierto alg\u00fan obst\u00e1culo, ya sea en nuestro sitio web o en nuestros servicios? H\u00e1znoslo saber. <\/p><div id=\"lt-accessibility-devtools\" aria-hidden=\"true\"> <\/div>\t\t\t\t\t\t\t\t<\/div>\n\t\t\t\t<\/div>\n\t\t\t\t<\/div>\n\t\t<div class=\"elementor-element elementor-element-7b3702a e-con-full e-flex e-con e-child\" data-id=\"7b3702a\" data-element_type=\"container\" data-settings=\"{&quot;jet_parallax_layout_list&quot;:[]}\">\n\t\t\t\t<div class=\"elementor-element elementor-element-30e142a elementor-button-align-start elementor-widget elementor-widget-form\" data-id=\"30e142a\" data-element_type=\"widget\" data-settings=\"{&quot;button_width&quot;:&quot;20&quot;,&quot;step_next_label&quot;:&quot;Siguiente&quot;,&quot;step_previous_label&quot;:&quot;Anterior&quot;,&quot;step_type&quot;:&quot;number_text&quot;,&quot;step_icon_shape&quot;:&quot;circle&quot;}\" data-widget_type=\"form.default\">\n\t\t\t\t<div class=\"elementor-widget-container\">\n\t\t\t\t\t<form class=\"elementor-form\" method=\"post\" name=\"Informe barrera\" aria-label=\"Informe barrera\">\n\t\t\t<input type=\"hidden\" name=\"post_id\" value=\"2676\">\n\t\t\t<input type=\"hidden\" name=\"form_id\" value=\"30e142a\">\n\t\t\t<input type=\"hidden\" name=\"referer_title\" value=\"Informe Barrera | Sima GmbH\">\n\n\t\t\t\t\t\t\t<input type=\"hidden\" name=\"queried_id\" value=\"2676\">\n\t\t\t\n\t\t\t<div class=\"elementor-form-fields-wrapper elementor-labels-above\">\n\t\t\t\t\t\t\t\t<div class=\"elementor-field-type-html elementor-field-group elementor-column elementor-field-group-field_343c235 elementor-col-100\">\n\t\t\t\t\t<span>* Campos obligatorios<\/span>\t\t\t\t<\/div>\n\t\t\t\t\t\t\t\t<div class=\"elementor-field-type-text elementor-field-group elementor-column elementor-field-group-field_a9c6387 elementor-col-100 elementor-field-required elementor-mark-required\">\n\t\t\t\t\t\t\t\t\t\t\t\t<label for=\"form-field-field_a9c6387\" class=\"elementor-field-label\">\n\t\t\t\t\t\t\t\tAsunto\t\t\t\t\t\t\t<\/label>\n\t\t\t\t\t\t\t\t\t\t\t\t\t\t<input size=\"1\" type=\"text\" name=\"form_fields[field_a9c6387]\" id=\"form-field-field_a9c6387\" class=\"elementor-field elementor-size-sm  elementor-field-textual\" placeholder=\"Asunto\" required=\"required\">\n\t\t\t\t\t\t\t\t\t\t\t<\/div>\n\t\t\t\t\t\t\t\t<div class=\"elementor-field-type-textarea elementor-field-group elementor-column elementor-field-group-message elementor-col-100 elementor-field-required elementor-mark-required\">\n\t\t\t\t\t\t\t\t\t\t\t\t<label for=\"form-field-message\" class=\"elementor-field-label\">\n\t\t\t\t\t\t\t\tDescripci\u00f3n de la barrera\t\t\t\t\t\t\t<\/label>\n\t\t\t\t\t\t<textarea class=\"elementor-field-textual elementor-field  elementor-size-sm\" name=\"form_fields[message]\" id=\"form-field-message\" rows=\"8\" placeholder=\"Descripci\u00f3n de la barrera\" required=\"required\"><\/textarea>\t\t\t\t<\/div>\n\t\t\t\t\t\t\t\t<div class=\"elementor-field-type-text elementor-field-group elementor-column elementor-field-group-field_13cc78e elementor-col-100 elementor-field-required elementor-mark-required\">\n\t\t\t\t\t\t\t\t\t\t\t\t<label for=\"form-field-field_13cc78e\" class=\"elementor-field-label\">\n\t\t\t\t\t\t\t\tTu nombre y apellidos\t\t\t\t\t\t\t<\/label>\n\t\t\t\t\t\t\t\t\t\t\t\t\t\t<input size=\"1\" type=\"text\" name=\"form_fields[field_13cc78e]\" id=\"form-field-field_13cc78e\" class=\"elementor-field elementor-size-sm  elementor-field-textual\" placeholder=\"Tu nombre y apellidos\" required=\"required\" autocomplete=\"name\">\n\t\t\t\t\t\t\t\t\t\t\t<\/div>\n\t\t\t\t\t\t\t\t<div class=\"elementor-field-type-email elementor-field-group elementor-column elementor-field-group-email elementor-col-100 elementor-field-required elementor-mark-required\">\n\t\t\t\t\t\t\t\t\t\t\t\t<label for=\"form-field-email\" class=\"elementor-field-label\">\n\t\t\t\t\t\t\t\tcorreo electr\u00f3nico\t\t\t\t\t\t\t<\/label>\n\t\t\t\t\t\t\t\t\t\t\t\t\t\t<input size=\"1\" type=\"email\" name=\"form_fields[email]\" id=\"form-field-email\" class=\"elementor-field elementor-size-sm  elementor-field-textual\" placeholder=\"correo electr\u00f3nico\" required=\"required\" autocomplete=\"email\">\n\t\t\t\t\t\t\t\t\t\t\t<\/div>\n\t\t\t\t\t\t\t\t<div class=\"elementor-field-type-html elementor-field-group elementor-column elementor-field-group-field_00abf97 elementor-col-100\">\n\t\t\t\t\t<div class=\"small-text-html\">He tomado nota de la <a href=\"\/datenschutz\/\" title=\"Abre un enlace interno a la p\u00e1gina de protecci\u00f3n de datos\">pol\u00edtica de privacidad<\/a>. Al enviar este formulario, acepto que mis datos se recopilen y almacenen electr\u00f3nicamente para responder a mi consulta.<\/div>\t\t\t\t<\/div>\n\t\t\t\t\t\t\t\t<div class=\"elementor-field-type-text\">\n\t\t\t\t\t<input size=\"1\" type=\"text\" name=\"form_fields[field_54e62c7]\" id=\"form-field-field_54e62c7\" class=\"elementor-field elementor-size-sm \" style=\"display:none !important;\">\t\t\t\t<\/div>\n\t\t\t\t\t\t\t\t<div class=\"elementor-field-type-text\">\n\t\t\t\t\t<input size=\"1\" type=\"text\" name=\"form_fields[field_c9b9d47]\" id=\"form-field-field_c9b9d47\" class=\"elementor-field elementor-size-sm \" style=\"display:none !important;\">\t\t\t\t<\/div>\n\t\t\t\t\t\t\t\t<div class=\"elementor-field-type-hidden elementor-field-group elementor-column elementor-field-group-js_validation_token elementor-col-100\">\n\t\t\t\t\t\t\t\t\t\t\t\t\t<input size=\"1\" type=\"hidden\" name=\"form_fields[js_validation_token]\" id=\"form-field-js_validation_token\" class=\"elementor-field elementor-size-sm  elementor-field-textual\">\n\t\t\t\t\t\t\t\t\t\t\t<\/div>\n\t\t\t\t\t\t\t\t<div class=\"elementor-field-type-altcha elementor-field-group elementor-column elementor-field-group-field_01ae65b elementor-col-100\">\n\t\t\t\t\t<div style=\"flex-basis:100%\"><altcha-widget challengeurl=\"https:\/\/www.sima-handel.com\/es\/wp-json\/altcha\/v1\/challenge?params.plugin=elementor-pro&amp;params.form_id=30e142a\" customfetch=\"altchaCustomFetch\"><\/altcha-widget><noscript><div class=\"altcha-no-javascript\">This page requires JavaScript!<\/div><\/noscript><\/div><input type=\"hidden\" name=\"form_fields[field_01ae65b]\" id=\"form-field-field_01ae65b\" class=\"elementor-field elementor-size-sm \">\t\t\t\t<\/div>\n\t\t\t\t\t\t\t\t<div class=\"elementor-field-group elementor-column elementor-field-type-submit elementor-col-20 e-form__buttons\">\n\t\t\t\t\t<button class=\"elementor-button elementor-size-sm\" type=\"submit\">\n\t\t\t\t\t\t<span class=\"elementor-button-content-wrapper\">\n\t\t\t\t\t\t\t\t\t\t\t\t\t\t\t\t\t\t\t\t\t\t<span class=\"elementor-button-text\">Env\u00eda<\/span>\n\t\t\t\t\t\t\t\t\t\t\t\t\t<\/span>\n\t\t\t\t\t<\/button>\n\t\t\t\t<\/div>\n\t\t\t<\/div>\n\t\t<\/form>\t\t\t\t<\/div>\n\t\t\t\t<\/div>\n\t\t\t\t<\/div>\n\t\t\t\t<\/div>\n\t\t\t\t<\/div>\n\t\t\t\t<\/div>\n\t\t","protected":false},"excerpt":{"rendered":"<p>Ay\u00fadanos a mejorar nuestros servicios. \u00bfHas descubierto alg\u00fan obst\u00e1culo, ya sea en nuestro sitio web o en nuestros servicios? H\u00e1znoslo saber.<\/p>\n","protected":false},"author":2,"featured_media":0,"parent":0,"menu_order":1013,"comment_status":"closed","ping_status":"closed","template":"","meta":{"footnotes":""},"class_list":["post-2676","page","type-page","status-publish","hentry"],"_links":{"self":[{"href":"https:\/\/www.sima-handel.com\/es\/wp-json\/wp\/v2\/pages\/2676","targetHints":{"allow":["GET"]}}],"collection":[{"href":"https:\/\/www.sima-handel.com\/es\/wp-json\/wp\/v2\/pages"}],"about":[{"href":"https:\/\/www.sima-handel.com\/es\/wp-json\/wp\/v2\/types\/page"}],"author":[{"embeddable":true,"href":"https:\/\/www.sima-handel.com\/es\/wp-json\/wp\/v2\/users\/2"}],"replies":[{"embeddable":true,"href":"https:\/\/www.sima-handel.com\/es\/wp-json\/wp\/v2\/comments?post=2676"}],"version-history":[{"count":8,"href":"https:\/\/www.sima-handel.com\/es\/wp-json\/wp\/v2\/pages\/2676\/revisions"}],"predecessor-version":[{"id":4219,"href":"https:\/\/www.sima-handel.com\/es\/wp-json\/wp\/v2\/pages\/2676\/revisions\/4219"}],"wp:attachment":[{"href":"https:\/\/www.sima-handel.com\/es\/wp-json\/wp\/v2\/media?parent=2676"}],"curies":[{"name":"wp","href":"https:\/\/api.w.org\/{rel}","templated":true}]}}