{"id":2017,"date":"2025-08-20T08:38:20","date_gmt":"2025-08-20T06:38:20","guid":{"rendered":"https:\/\/www.sima-handel.de\/envasado-por-contrato\/"},"modified":"2026-01-07T14:33:38","modified_gmt":"2026-01-07T13:33:38","slug":"envasado-por-contrato","status":"publish","type":"page","link":"https:\/\/www.sima-handel.com\/es\/servicios\/envasado-por-contrato\/","title":{"rendered":"Envasado por contrato"},"content":{"rendered":"\t\t<div data-elementor-type=\"wp-page\" data-elementor-id=\"2017\" class=\"elementor elementor-2017 elementor-143\" data-elementor-post-type=\"page\">\n\t\t\t\t<div class=\"elementor-element elementor-element-bb5de90 pad-tb-m e-flex e-con-boxed e-con e-parent\" data-id=\"bb5de90\" data-element_type=\"container\" id=\"content\" data-settings=\"{&quot;background_background&quot;:&quot;classic&quot;,&quot;jet_parallax_layout_list&quot;:[]}\">\n\t\t\t\t\t<div class=\"e-con-inner\">\n\t\t<div class=\"elementor-element elementor-element-651826b e-con-full e-flex e-con e-child\" data-id=\"651826b\" data-element_type=\"container\" data-settings=\"{&quot;jet_parallax_layout_list&quot;:[]}\">\n\t\t\t\t<div class=\"elementor-element elementor-element-3061737 elementor-widget__width-initial elementor-widget elementor-widget-heading\" data-id=\"3061737\" data-element_type=\"widget\" data-widget_type=\"heading.default\">\n\t\t\t\t<div class=\"elementor-widget-container\">\n\t\t\t\t\t<h1 class=\"elementor-heading-title elementor-size-default\">Envasado por contrato<\/h1>\t\t\t\t<\/div>\n\t\t\t\t<\/div>\n\t\t\t\t<\/div>\n\t\t<div class=\"elementor-element elementor-element-ca59e2b e-con-full e-flex e-con e-child\" data-id=\"ca59e2b\" data-element_type=\"container\" data-settings=\"{&quot;jet_parallax_layout_list&quot;:[]}\">\n\t\t\t\t<div class=\"elementor-element elementor-element-8098166 elementor-widget__width-inherit elementor-widget elementor-widget-text-editor\" data-id=\"8098166\" data-element_type=\"widget\" data-widget_type=\"text-editor.default\">\n\t\t\t\t<div class=\"elementor-widget-container\">\n\t\t\t\t\t\t\t\t\t<p>Con nuestro envasado por contrato, te ofrecemos soluciones flexibles y de alta calidad para envasar tus productos. Desarrollamos soluciones de envasado personalizadas que se adaptan perfectamente a tus necesidades y cumplen las normas de calidad m\u00e1s exigentes. <\/p>\t\t\t\t\t\t\t\t<\/div>\n\t\t\t\t<\/div>\n\t\t\t\t<div class=\"elementor-element elementor-element-5a3ab12 elementor-widget elementor-widget-button\" data-id=\"5a3ab12\" data-element_type=\"widget\" data-widget_type=\"button.default\">\n\t\t\t\t<div class=\"elementor-widget-container\">\n\t\t\t\t\t\t\t\t\t<div class=\"elementor-button-wrapper\">\n\t\t\t\t\t<a class=\"elementor-button elementor-button-link elementor-size-sm\" href=\"https:\/\/www.sima-handel.com\/es\/contacto\/#formular\" title=\"Abre un enlace interno al contenido de la p\u00e1gina Formulario de contacto en la p\u00e1gina Contacto.\">\n\t\t\t\t\t\t<span class=\"elementor-button-content-wrapper\">\n\t\t\t\t\t\t\t\t\t<span class=\"elementor-button-text\">Solicitar servicio<\/span>\n\t\t\t\t\t<\/span>\n\t\t\t\t\t<\/a>\n\t\t\t\t<\/div>\n\t\t\t\t\t\t\t\t<\/div>\n\t\t\t\t<\/div>\n\t\t\t\t<\/div>\n\t\t\t\t\t<\/div>\n\t\t\t\t<\/div>\n\t\t<div class=\"elementor-element elementor-element-1e7dfae e-con-full e-flex e-con e-parent\" data-id=\"1e7dfae\" data-element_type=\"container\" data-settings=\"{&quot;background_background&quot;:&quot;classic&quot;,&quot;jet_parallax_layout_list&quot;:[]}\">\n\t\t\t\t<\/div>\n\t\t<div class=\"elementor-element elementor-element-d515ac4 pad-tb-m e-flex e-con-boxed e-con e-parent\" data-id=\"d515ac4\" data-element_type=\"container\" data-settings=\"{&quot;background_background&quot;:&quot;classic&quot;,&quot;jet_parallax_layout_list&quot;:[]}\">\n\t\t\t\t\t<div class=\"e-con-inner\">\n\t\t\t\t<div class=\"elementor-element elementor-element-f32b52e elementor-widget elementor-widget-heading\" data-id=\"f32b52e\" data-element_type=\"widget\" data-widget_type=\"heading.default\">\n\t\t\t\t<div class=\"elementor-widget-container\">\n\t\t\t\t\t<h2 class=\"elementor-heading-title elementor-size-default\">\u00bfQu\u00e9 nos caracteriza?<\/h2>\t\t\t\t<\/div>\n\t\t\t\t<\/div>\n\t\t<div class=\"elementor-element elementor-element-3dc65cd pad-t-s pad-b-m e-con-full e-flex e-con e-child\" data-id=\"3dc65cd\" data-element_type=\"container\" data-settings=\"{&quot;jet_parallax_layout_list&quot;:[]}\">\n\t\t<div class=\"elementor-element elementor-element-ddadef0 e-con-full e-flex e-con e-child\" data-id=\"ddadef0\" data-element_type=\"container\" data-settings=\"{&quot;jet_parallax_layout_list&quot;:[]}\">\n\t\t\t\t<div class=\"elementor-element elementor-element-2b1297a elementor-widget__width-inherit elementor-widget-tablet__width-initial elementor-widget-mobile__width-inherit elementor-widget elementor-widget-text-editor\" data-id=\"2b1297a\" data-element_type=\"widget\" data-widget_type=\"text-editor.default\">\n\t\t\t\t<div class=\"elementor-widget-container\">\n\t\t\t\t\t\t\t\t\t<ul><li><strong>Gran flexibilidad:<\/strong> nos adaptamos a tus requisitos espec\u00edficos y ofrecemos soluciones personalizadas que se integran perfectamente en tus procesos de producci\u00f3n.<\/li><li><strong>Calidad:<\/strong> Nos centramos en la ejecuci\u00f3n precisa y de alta calidad de cada soluci\u00f3n de envasado.<\/li><li><strong>Rentabilidad:<\/strong> Gracias a nuestros eficaces procesos y a nuestra moderna tecnolog\u00eda, te ofrecemos una soluci\u00f3n rentable que tambi\u00e9n garantiza la m\u00e1xima calidad.<\/li><li><strong>Implementaci\u00f3n r\u00e1pida:<\/strong> Gracias a nuestros flujos de trabajo bien organizados y a nuestras capacidades flexibles, podemos procesar los pedidos de forma r\u00e1pida y fiable sin comprometer la calidad.<\/li><\/ul>\t\t\t\t\t\t\t\t<\/div>\n\t\t\t\t<\/div>\n\t\t\t\t<\/div>\n\t\t\t\t<div class=\"elementor-element elementor-element-cbe0760 elementor-widget elementor-widget-image\" data-id=\"cbe0760\" data-element_type=\"widget\" data-widget_type=\"image.default\">\n\t\t\t\t<div class=\"elementor-widget-container\">\n\t\t\t\t\t\t\t\t\t\t\t\t\t\t\t<img fetchpriority=\"high\" decoding=\"async\" width=\"768\" height=\"512\" src=\"https:\/\/www.sima-handel.com\/wp-content\/uploads\/leistungen\/lohnverpackung\/verpacken-768x512.webp\" class=\"attachment-medium_large size-medium_large wp-image-2019\" alt=\"Una mano utiliza un dispensador de cinta adhesiva de paqueter\u00eda para precintar una caja.\" srcset=\"https:\/\/www.sima-handel.com\/wp-content\/uploads\/leistungen\/lohnverpackung\/verpacken-768x512.webp 768w, https:\/\/www.sima-handel.com\/wp-content\/uploads\/leistungen\/lohnverpackung\/verpacken-300x200.webp 300w, https:\/\/www.sima-handel.com\/wp-content\/uploads\/leistungen\/lohnverpackung\/verpacken-1024x683.webp 1024w, https:\/\/www.sima-handel.com\/wp-content\/uploads\/leistungen\/lohnverpackung\/verpacken-1536x1024.webp 1536w, https:\/\/www.sima-handel.com\/wp-content\/uploads\/leistungen\/lohnverpackung\/verpacken-2048x1366.webp 2048w\" sizes=\"(max-width: 768px) 100vw, 768px\" \/>\t\t\t\t\t\t\t\t\t\t\t\t\t\t\t<\/div>\n\t\t\t\t<\/div>\n\t\t\t\t<\/div>\n\t\t\t\t<div class=\"elementor-element elementor-element-2af2483 elementor-widget elementor-widget-heading\" data-id=\"2af2483\" data-element_type=\"widget\" data-widget_type=\"heading.default\">\n\t\t\t\t<div class=\"elementor-widget-container\">\n\t\t\t\t\t<h2 class=\"elementor-heading-title elementor-size-default\">Nuestros servicios en el \u00e1mbito del envasado por encargo:  <\/h2>\t\t\t\t<\/div>\n\t\t\t\t<\/div>\n\t\t<div class=\"elementor-element elementor-element-d13218f pad-t-s e-con-full e-flex e-con e-child\" data-id=\"d13218f\" data-element_type=\"container\" data-settings=\"{&quot;jet_parallax_layout_list&quot;:[]}\">\n\t\t\t\t<div class=\"slider-pause elementor-element elementor-element-52dd6a9 elementor-arrows-position-outside elementor-widget__width-initial elementor--h-position-center elementor--v-position-middle elementor-widget elementor-widget-slides\" data-id=\"52dd6a9\" data-element_type=\"widget\" data-settings=\"{&quot;navigation&quot;:&quot;arrows&quot;,&quot;autoplay&quot;:&quot;yes&quot;,&quot;pause_on_hover&quot;:&quot;yes&quot;,&quot;pause_on_interaction&quot;:&quot;yes&quot;,&quot;autoplay_speed&quot;:5000,&quot;infinite&quot;:&quot;yes&quot;,&quot;transition&quot;:&quot;slide&quot;,&quot;transition_speed&quot;:500}\" data-widget_type=\"slides.default\">\n\t\t\t\t<div class=\"elementor-widget-container\">\n\t\t\t\t\t\t\t\t\t<div class=\"elementor-swiper\">\n\t\t\t\t\t<div class=\"elementor-slides-wrapper elementor-main-swiper swiper\" role=\"region\" aria-roledescription=\"carousel\" aria-label=\"Slider\" dir=\"ltr\" data-animation=\"fadeInUp\">\n\t\t\t\t<div class=\"swiper-wrapper elementor-slides\">\n\t\t\t\t\t\t\t\t\t\t<div class=\"elementor-repeater-item-cdae494 swiper-slide\" role=\"group\" aria-roledescription=\"slide\"><div class=\"swiper-slide-bg\" role=\"img\" aria-label=\"Rollos embalados en cart\u00f3n\"><\/div><div class=\"swiper-slide-inner\" ><div class=\"swiper-slide-contents\"><\/div><\/div><\/div><div class=\"elementor-repeater-item-c834e04 swiper-slide\" role=\"group\" aria-roledescription=\"slide\"><div class=\"swiper-slide-bg\" role=\"img\" aria-label=\"Rollos embalados en cart\u00f3n\"><\/div><div class=\"swiper-slide-inner\" ><div class=\"swiper-slide-contents\"><\/div><\/div><\/div><div class=\"elementor-repeater-item-2409382 swiper-slide\" role=\"group\" aria-roledescription=\"slide\"><div class=\"swiper-slide-bg\" role=\"img\" aria-label=\"Un pal\u00e9 est\u00e1 siendo aplastado\"><\/div><div class=\"swiper-slide-inner\" ><div class=\"swiper-slide-contents\"><\/div><\/div><\/div>\t\t\t\t<\/div>\n\t\t\t\t\t\t\t\t\t\t\t\t\t\t\t<div class=\"elementor-swiper-button elementor-swiper-button-prev\" role=\"button\" tabindex=\"0\" aria-label=\"Diapositiva anterior\">\n\t\t\t\t\t\t\t<svg aria-hidden=\"true\" class=\"e-font-icon-svg e-eicon-chevron-left\" viewBox=\"0 0 1000 1000\" xmlns=\"http:\/\/www.w3.org\/2000\/svg\"><path d=\"M646 125C629 125 613 133 604 142L308 442C296 454 292 471 292 487 292 504 296 521 308 533L604 854C617 867 629 875 646 875 663 875 679 871 692 858 704 846 713 829 713 812 713 796 708 779 692 767L438 487 692 225C700 217 708 204 708 187 708 171 704 154 692 142 675 129 663 125 646 125Z\"><\/path><\/svg>\t\t\t\t\t\t<\/div>\n\t\t\t\t\t\t<div class=\"elementor-swiper-button elementor-swiper-button-next\" role=\"button\" tabindex=\"0\" aria-label=\"Diapositiva siguiente\">\n\t\t\t\t\t\t\t<svg aria-hidden=\"true\" class=\"e-font-icon-svg e-eicon-chevron-right\" viewBox=\"0 0 1000 1000\" xmlns=\"http:\/\/www.w3.org\/2000\/svg\"><path d=\"M696 533C708 521 713 504 713 487 713 471 708 454 696 446L400 146C388 133 375 125 354 125 338 125 325 129 313 142 300 154 292 171 292 187 292 204 296 221 308 233L563 492 304 771C292 783 288 800 288 817 288 833 296 850 308 863 321 871 338 875 354 875 371 875 388 867 400 854L696 533Z\"><\/path><\/svg>\t\t\t\t\t\t<\/div>\n\t\t\t\t\t\t\t\t\t\t\t\t\t\t\t\t\t<\/div>\n\t\t\t\t<\/div>\n\t\t\t\t\t\t\t\t<\/div>\n\t\t\t\t<\/div>\n\t\t<div class=\"elementor-element elementor-element-2b3a156 e-con-full e-flex e-con e-child\" data-id=\"2b3a156\" data-element_type=\"container\" data-settings=\"{&quot;jet_parallax_layout_list&quot;:[]}\">\n\t\t\t\t<div class=\"elementor-element elementor-element-d536838 elementor-widget__width-inherit elementor-widget-tablet__width-initial elementor-widget-mobile__width-inherit elementor-widget elementor-widget-text-editor\" data-id=\"d536838\" data-element_type=\"widget\" data-widget_type=\"text-editor.default\">\n\t\t\t\t<div class=\"elementor-widget-container\">\n\t\t\t\t\t\t\t\t\t<p>Ofrecemos una amplia gama de servicios de envasado para numerosas industrias. Desde el desarrollo de envases personalizados hasta el envasado y la preparaci\u00f3n de pedidos: te lo proporcionamos todo de una sola mano. Tambi\u00e9n nos ocupamos del acabado del producto para darle a tu producto el toque final.  <\/p><p>\u00a1Ponte en contacto con nosotros para encontrar juntos la soluci\u00f3n de envasado ideal para tu producto!<\/p>\t\t\t\t\t\t\t\t<\/div>\n\t\t\t\t<\/div>\n\t\t\t\t<div class=\"elementor-element elementor-element-e81bf3c button-light elementor-widget elementor-widget-button\" data-id=\"e81bf3c\" data-element_type=\"widget\" data-widget_type=\"button.default\">\n\t\t\t\t<div class=\"elementor-widget-container\">\n\t\t\t\t\t\t\t\t\t<div class=\"elementor-button-wrapper\">\n\t\t\t\t\t<a class=\"elementor-button elementor-button-link elementor-size-sm\" href=\"https:\/\/www.sima-handel.com\/es\/contacto\/#formular\" title=\"Abre un enlace interno al contenido de la p\u00e1gina Formulario de contacto en la p\u00e1gina Contacto.\">\n\t\t\t\t\t\t<span class=\"elementor-button-content-wrapper\">\n\t\t\t\t\t\t\t\t\t<span class=\"elementor-button-text\">Solicitar servicio<\/span>\n\t\t\t\t\t<\/span>\n\t\t\t\t\t<\/a>\n\t\t\t\t<\/div>\n\t\t\t\t\t\t\t\t<\/div>\n\t\t\t\t<\/div>\n\t\t\t\t<\/div>\n\t\t\t\t<\/div>\n\t\t\t\t\t<\/div>\n\t\t\t\t<\/div>\n\t\t<div class=\"elementor-element elementor-element-30ee45d e-flex e-con-boxed e-con e-parent\" data-id=\"30ee45d\" data-element_type=\"container\" data-settings=\"{&quot;background_background&quot;:&quot;classic&quot;,&quot;jet_parallax_layout_list&quot;:[]}\">\n\t\t\t\t\t<div class=\"e-con-inner\">\n\t\t<div class=\"elementor-element elementor-element-64b77fd e-con-full e-flex e-con e-child\" data-id=\"64b77fd\" data-element_type=\"container\" data-settings=\"{&quot;background_background&quot;:&quot;classic&quot;,&quot;jet_parallax_layout_list&quot;:[]}\">\n\t\t\t\t<div class=\"elementor-element elementor-element-4095cc2 elementor-widget elementor-widget-heading\" data-id=\"4095cc2\" data-element_type=\"widget\" data-widget_type=\"heading.default\">\n\t\t\t\t<div class=\"elementor-widget-container\">\n\t\t\t\t\t<h2 class=\"elementor-heading-title elementor-size-default\">Estaremos encantados de asesorarte personalmente: \u00a1contacta con nosotros ahora!<\/h2>\t\t\t\t<\/div>\n\t\t\t\t<\/div>\n\t\t\t\t<div class=\"elementor-element elementor-element-eb786fd elementor-widget elementor-widget-button\" data-id=\"eb786fd\" data-element_type=\"widget\" data-widget_type=\"button.default\">\n\t\t\t\t<div class=\"elementor-widget-container\">\n\t\t\t\t\t\t\t\t\t<div class=\"elementor-button-wrapper\">\n\t\t\t\t\t<a class=\"elementor-button elementor-button-link elementor-size-sm\" href=\"https:\/\/www.sima-handel.com\/es\/contacto\/#formular\" title=\"Abre un enlace interno al contenido de la p\u00e1gina Formulario de contacto en la p\u00e1gina Contacto.\">\n\t\t\t\t\t\t<span class=\"elementor-button-content-wrapper\">\n\t\t\t\t\t\t\t\t\t<span class=\"elementor-button-text\">Al formulario de contacto<\/span>\n\t\t\t\t\t<\/span>\n\t\t\t\t\t<\/a>\n\t\t\t\t<\/div>\n\t\t\t\t\t\t\t\t<\/div>\n\t\t\t\t<\/div>\n\t\t\t\t<\/div>\n\t\t\t\t\t<\/div>\n\t\t\t\t<\/div>\n\t\t\t\t<\/div>\n\t\t","protected":false},"excerpt":{"rendered":"<p>Envasado por contrato Con nuestro envasado por contrato, te ofrecemos soluciones flexibles y de alta calidad para envasar tus productos. Desarrollamos soluciones de envasado personalizadas que se adaptan perfectamente a tus necesidades y cumplen las normas de calidad m\u00e1s exigentes. Solicitar servicio \u00bfQu\u00e9 nos caracteriza? Gran flexibilidad: nos adaptamos a tus requisitos espec\u00edficos y ofrecemos [&hellip;]<\/p>\n","protected":false},"author":2,"featured_media":0,"parent":2027,"menu_order":1003,"comment_status":"closed","ping_status":"closed","template":"","meta":{"footnotes":""},"class_list":["post-2017","page","type-page","status-publish","hentry"],"_links":{"self":[{"href":"https:\/\/www.sima-handel.com\/es\/wp-json\/wp\/v2\/pages\/2017","targetHints":{"allow":["GET"]}}],"collection":[{"href":"https:\/\/www.sima-handel.com\/es\/wp-json\/wp\/v2\/pages"}],"about":[{"href":"https:\/\/www.sima-handel.com\/es\/wp-json\/wp\/v2\/types\/page"}],"author":[{"embeddable":true,"href":"https:\/\/www.sima-handel.com\/es\/wp-json\/wp\/v2\/users\/2"}],"replies":[{"embeddable":true,"href":"https:\/\/www.sima-handel.com\/es\/wp-json\/wp\/v2\/comments?post=2017"}],"version-history":[{"count":14,"href":"https:\/\/www.sima-handel.com\/es\/wp-json\/wp\/v2\/pages\/2017\/revisions"}],"predecessor-version":[{"id":4409,"href":"https:\/\/www.sima-handel.com\/es\/wp-json\/wp\/v2\/pages\/2017\/revisions\/4409"}],"up":[{"embeddable":true,"href":"https:\/\/www.sima-handel.com\/es\/wp-json\/wp\/v2\/pages\/2027"}],"wp:attachment":[{"href":"https:\/\/www.sima-handel.com\/es\/wp-json\/wp\/v2\/media?parent=2017"}],"curies":[{"name":"wp","href":"https:\/\/api.w.org\/{rel}","templated":true}]}}